{"id":58,"date":"2025-10-31T22:32:42","date_gmt":"2025-10-31T22:32:42","guid":{"rendered":"https:\/\/roadrunners.me\/?page_id=58"},"modified":"2026-02-12T08:45:24","modified_gmt":"2026-02-12T08:45:24","slug":"kontakt","status":"publish","type":"page","link":"https:\/\/roadrunners.me\/?page_id=58","title":{"rendered":"Kontakt"},"content":{"rendered":"<p>[et_pb_section fb_built=&#8221;1&#8243; fullwidth=&#8221;on&#8221; _builder_version=&#8221;4.27.4&#8243; _module_preset=&#8221;default&#8221; global_colors_info=&#8221;{}&#8221;][et_pb_fullwidth_code _builder_version=&#8221;4.27.4&#8243; _module_preset=&#8221;default&#8221; global_colors_info=&#8221;{}&#8221;]<!DOCTYPE html><!-- [et_pb_line_break_holder] --><html lang=\"sr-Latn-ME\"><!-- [et_pb_line_break_holder] --><head><!-- [et_pb_line_break_holder] --><meta charset=\"utf-8\" \/><!-- [et_pb_line_break_holder] --><meta name=\"viewport\" content=\"width=device-width, initial-scale=1\" \/><!-- [et_pb_line_break_holder] --><title><\/title><!-- [et_pb_line_break_holder] --><meta name=\"description\" content=\"Kontaktiraj Road Runners Montenegro: prijava za treninge, pitanja o programima, saradnja i mediji.\"><!-- [et_pb_line_break_holder] --><meta name=\"theme-color\" content=\"#cafc00\" \/><!-- [et_pb_line_break_holder] --><!-- [et_pb_line_break_holder] --><\/p>\n<style><!-- [et_pb_line_break_holder] -->:root{<!-- [et_pb_line_break_holder] -->  --neon:#cafc00; --blue:#0A84FF; --green:#00B26D; --orange:#FF6B00;<!-- [et_pb_line_break_holder] -->  --ink:#0b0b0b; --charcoal:#121212; --card:#151515; --ink-2:#101010; --white:#fff;<!-- [et_pb_line_break_holder] -->}<!-- [et_pb_line_break_holder] --><!-- [et_pb_line_break_holder] -->\/* ===== Base \/ Divi-safe background reset ===== *\/<!-- [et_pb_line_break_holder] -->*{box-sizing:border-box;margin:0;padding:0}<!-- [et_pb_line_break_holder] -->html,body{height:100%}<!-- [et_pb_line_break_holder] -->html,body,#page-container,#et-main-area,#main-content,#main-footer,#footer-bottom,.et-l.et-l--footer{<!-- [et_pb_line_break_holder] -->  background: var(--ink) !important; border:0 !important;<!-- [et_pb_line_break_holder] -->}<!-- [et_pb_line_break_holder] -->body{<!-- [et_pb_line_break_holder] -->  font-family: Inter, system-ui, -apple-system, \"Segoe UI\", Roboto, Helvetica, Arial;<!-- [et_pb_line_break_holder] -->  color: var(--white); line-height:1.6; overflow-x:hidden;<!-- [et_pb_line_break_holder] -->}<!-- [et_pb_line_break_holder] -->a{color:inherit;text-decoration:none}<!-- [et_pb_line_break_holder] -->.container{width:min(1150px,92%);margin:0 auto; text-align: center;}<!-- [et_pb_line_break_holder] --><!-- [et_pb_line_break_holder] -->\/* ===== Buttons ===== *\/<!-- [et_pb_line_break_holder] -->.btn{<!-- [et_pb_line_break_holder] -->  display:inline-flex; align-items:center; justify-content:center; gap:.5rem;<!-- [et_pb_line_break_holder] -->  border-radius:999px; padding:.95rem 1.5rem; font-weight:800; border:0;<!-- [et_pb_line_break_holder] -->  background:var(--neon); color:#111; cursor:pointer;<!-- [et_pb_line_break_holder] -->  box-shadow:0 8px 24px rgba(202,252,0,.3);<!-- [et_pb_line_break_holder] -->  transition:transform .15s ease, box-shadow .2s ease, filter .2s ease;<!-- [et_pb_line_break_holder] -->}<!-- [et_pb_line_break_holder] -->.btn:hover{transform:translateY(-2px); box-shadow:0 10px 28px rgba(202,252,0,.4)}<!-- [et_pb_line_break_holder] --><!-- [et_pb_line_break_holder] -->\/* ===== Hero ===== *\/<!-- [et_pb_line_break_holder] -->.rrm-hero{<!-- [et_pb_line_break_holder] -->  background:<!-- [et_pb_line_break_holder] -->    radial-gradient(60% 80% at 15% 20%, rgba(202,252,0,.10), transparent 60%),<!-- [et_pb_line_break_holder] -->    radial-gradient(60% 80% at 85% 70%, rgba(10,132,255,.10), transparent 60%),<!-- [et_pb_line_break_holder] -->    #0f0f0f;<!-- [et_pb_line_break_holder] -->  padding: clamp(80px,8vw,120px) 0 42px;<!-- [et_pb_line_break_holder] -->  border-bottom:1px solid rgba(255,255,255,.06);<!-- [et_pb_line_break_holder] -->}<!-- [et_pb_line_break_holder] -->.rrm-hero .container{display:flex;flex-direction:column;align-items:center;text-align:center}<!-- [et_pb_line_break_holder] -->.rrm-hero h1{color:var(--neon);font-weight:900;font-size:clamp(32px,4.6vw,48px);margin:0 0 10px}<!-- [et_pb_line_break_holder] -->.rrm-hero p{color:#cfcfcf;max-width:720px}<!-- [et_pb_line_break_holder] --><!-- [et_pb_line_break_holder] -->\/* ===== Info + Form layout ===== *\/<!-- [et_pb_line_break_holder] -->.section-contact{padding: clamp(36px,5vw,64px) 0}<!-- [et_pb_line_break_holder] -->.grid{<!-- [et_pb_line_break_holder] -->  display:grid; grid-template-columns: 1.05fr 1fr; gap: clamp(18px,3vw,28px);<!-- [et_pb_line_break_holder] -->}<!-- [et_pb_line_break_holder] -->@media (max-width: 980px){ .grid{grid-template-columns:1fr; } }<!-- [et_pb_line_break_holder] --><!-- [et_pb_line_break_holder] -->.card{<!-- [et_pb_line_break_holder] -->  background: var(--card);<!-- [et_pb_line_break_holder] -->  border:1px solid #2a2a2a; border-radius:18px;<!-- [et_pb_line_break_holder] -->  box-shadow:0 10px 34px rgba(0,0,0,.35);<!-- [et_pb_line_break_holder] -->  padding: clamp(16px,2.4vw,24px);<!-- [et_pb_line_break_holder] -->}<!-- [et_pb_line_break_holder] --><!-- [et_pb_line_break_holder] -->\/* ===== Contact blocks ===== *\/<!-- [et_pb_line_break_holder] -->.blocks{display:grid; grid-template-columns:1fr 1fr; gap:12px}<!-- [et_pb_line_break_holder] -->@media (max-width: 620px){ .blocks{grid-template-columns:1fr} }<!-- [et_pb_line_break_holder] -->.block{<!-- [et_pb_line_break_holder] -->  background:#171717; border:1px solid #2a2a2a; border-radius:14px; padding:14px;<!-- [et_pb_line_break_holder] -->}<!-- [et_pb_line_break_holder] -->.block h3{margin:0 0 6px; font-size:1.02rem}<!-- [et_pb_line_break_holder] -->.block p{margin:0; color:#cfcfcf; font-size:.96rem}<!-- [et_pb_line_break_holder] -->.badge{<!-- [et_pb_line_break_holder] -->  display:inline-block; padding:.28rem .6rem; border-radius:999px; font-weight:800;<!-- [et_pb_line_break_holder] -->  letter-spacing:.04em; font-size:.72rem; text-transform:uppercase; color:#111; background:var(--neon);<!-- [et_pb_line_break_holder] -->}<!-- [et_pb_line_break_holder] --><!-- [et_pb_line_break_holder] -->\/* ===== Form ===== *\/<!-- [et_pb_line_break_holder] -->.form h2{margin:0 0 .3rem; font-size:1.35rem}<!-- [et_pb_line_break_holder] -->.form p.lead{margin:0 0 1rem; color:#cfcfcf}<!-- [et_pb_line_break_holder] -->.form-grid{display:grid; grid-template-columns:1fr 1fr; gap:12px}<!-- [et_pb_line_break_holder] -->@media (max-width: 700px){ .form-grid{grid-template-columns:1fr} }<!-- [et_pb_line_break_holder] --><!-- [et_pb_line_break_holder] -->.input, .select, .textarea{<!-- [et_pb_line_break_holder] -->  width:100%; border-radius:12px; border:1px solid #2a2a2a; background:#121212;<!-- [et_pb_line_break_holder] -->  padding:14px 14px; color:#f3f3f3; font-size:1rem; transition:border-color .2s ease, box-shadow .2s ease;<!-- [et_pb_line_break_holder] -->}<!-- [et_pb_line_break_holder] -->.input::placeholder,.textarea::placeholder{color:#9b9b9b}<!-- [et_pb_line_break_holder] -->.input:focus,.select:focus,.textarea:focus{<!-- [et_pb_line_break_holder] -->  outline:none; border-color:#3b3b3b; box-shadow:0 0 0 3px rgba(202,252,0,.14);<!-- [et_pb_line_break_holder] -->}<!-- [et_pb_line_break_holder] -->.select{appearance:none; background-image:linear-gradient(45deg,transparent 50%, #777 50%),linear-gradient(135deg,#777 50%,transparent 50%),linear-gradient(to right,transparent,transparent);<!-- [et_pb_line_break_holder] -->  background-position: calc(100% - 18px) calc(1.05em), calc(100% - 12px) calc(1.05em), 100% 0;<!-- [et_pb_line_break_holder] -->  background-size:6px 6px, 6px 6px, 2.5em 2.5em; background-repeat:no-repeat;<!-- [et_pb_line_break_holder] -->}<!-- [et_pb_line_break_holder] -->.row{display:flex; gap:10px; align-items:center; margin:.4rem 0}<!-- [et_pb_line_break_holder] -->.check{width:18px; height:18px; accent-color: var(--neon)}<!-- [et_pb_line_break_holder] --><!-- [et_pb_line_break_holder] -->\/* ===== Map (optional) ===== *\/<!-- [et_pb_line_break_holder] -->.map{<!-- [et_pb_line_break_holder] -->  border-radius:16px; overflow:hidden; border:1px solid #2a2a2a; height:320px; background:#0f0f0f;<!-- [et_pb_line_break_holder] -->}<!-- [et_pb_line_break_holder] --><!-- [et_pb_line_break_holder] -->\/* ===== CTA bottom (optional) ===== *\/<!-- [et_pb_line_break_holder] -->.cta{<!-- [et_pb_line_break_holder] -->  text-align:center; padding:48px 16px; margin-top:24px;<!-- [et_pb_line_break_holder] -->  background: linear-gradient(180deg,#111 0%, #0b0b0b 100%);<!-- [et_pb_line_break_holder] -->  border-top:1px solid rgba(255,255,255,.08); border-bottom:1px solid rgba(255,255,255,.08);<!-- [et_pb_line_break_holder] -->}<!-- [et_pb_line_break_holder] -->.cta h2{color:var(--neon); font-size:clamp(26px,3vw,34px); margin:0 0 8px}<!-- [et_pb_line_break_holder] -->.cta p{color:#cfcfcf; max-width:620px; margin:0 auto 20px}<!-- [et_pb_line_break_holder] --><!-- [et_pb_line_break_holder] -->\/* Kill any bottom gap in Divi *\/<!-- [et_pb_line_break_holder] -->.et_pb_section:last-of-type{margin-bottom:0 !important}<!-- [et_pb_line_break_holder] -->#main-content .container:after{display:none !important}<!-- [et_pb_line_break_holder] --><\/style>\n<p><!-- [et_pb_line_break_holder] --><\/head><!-- [et_pb_line_break_holder] --><body><!-- [et_pb_line_break_holder] --><!-- [et_pb_line_break_holder] --><!-- HERO --><!-- [et_pb_line_break_holder] --><\/p>\n<section class=\"rrm-hero\"><!-- [et_pb_line_break_holder] -->  <\/p>\n<div class=\"container\"><!-- [et_pb_line_break_holder] -->    <\/p>\n<h1>Kontakt<\/h1>\n<p><!-- [et_pb_line_break_holder] -->    <pee>Pi\u0161i nam za prijavu na probni trening, pitanja o programima ili saradnju. Odgovaramo brzo!<\/pee><!-- [et_pb_line_break_holder] -->  <\/div>\n<p><!-- [et_pb_line_break_holder] --><\/section>\n<p><!-- [et_pb_line_break_holder] --><!-- [et_pb_line_break_holder] --><\/body><!-- [et_pb_line_break_holder] --><\/html><!-- [et_pb_line_break_holder] -->[\/et_pb_fullwidth_code][\/et_pb_section][et_pb_section fb_built=&#8221;1&#8243; _builder_version=&#8221;4.27.4&#8243; _module_preset=&#8221;default&#8221; global_colors_info=&#8221;{}&#8221;][et_pb_row column_structure=&#8221;1_2,1_2&#8243; make_equal=&#8221;on&#8221; _builder_version=&#8221;4.27.4&#8243; _module_preset=&#8221;default&#8221; global_colors_info=&#8221;{}&#8221;][et_pb_column type=&#8221;1_2&#8243; _builder_version=&#8221;4.27.4&#8243; _module_preset=&#8221;default&#8221; global_colors_info=&#8221;{}&#8221;][et_pb_code _builder_version=&#8221;4.27.4&#8243; _module_preset=&#8221;default&#8221; hover_enabled=&#8221;0&#8243; custom_css_free_form=&#8221;\/* ===== Kontakt podaci sekcija ===== *\/||||\/* Glavna kartica *\/||.card {||  background: #151515;||  border: 1px solid #2a2a2a;||  border-radius: 18px;||  padding: 24px;||  box-shadow: 0 10px 34px rgba(0, 0, 0, 0.35);||  color: #fff;||}||||\/* Oznake (%22Kontakt podaci%22, %22Dru\u0161tvene mre\u017ee%22) *\/||.badge {||  display: inline-block;||  padding: 0.3rem 0.7rem;||  border-radius: 999px;||  font-weight: 800;||  letter-spacing: 0.05em;||  font-size: 0.75rem;||  text-transform: uppercase;||  background: var(&#8211;neon, #cafc00);||  color: #111;||}||||\/* Raspored blokova (email, telefon&#8230;) *\/||.blocks {||  display: grid;||  grid-template-columns: 1fr 1fr;||  gap: 14px;||  margin-top: 12px;||}||@media (max-width: 700px) {||  .blocks { grid-template-columns: 1fr; }||}||||\/* Svaki mini blok unutar kartice *\/||.block {||  background: #1b1b1b;||  border: 1px solid #2a2a2a;||  border-radius: 14px;||  padding: 14px;||  transition: border-color 0.2s ease, transform 0.15s ease;||}||.block:hover {||  border-color: var(&#8211;neon, #cafc00);||  transform: translateY(-2px);||}||||.block h3 {||  margin: 0 0 6px;||  font-size: 1rem;||  font-weight: 700;||  color: #fff;||}||.block p {||  margin: 0;||  color: #cfcfcf;||  font-size: 0.95rem;||}||.block a {||  color: var(&#8211;neon, #cafc00);||  text-decoration: none;||  transition: color 0.2s ease;||}||.block a:hover {||  color: #fff;||}||||\/* Sekcija za dru\u0161tvene mre\u017ee *\/||.row {||  display: flex;||  flex-wrap: wrap;||  gap: 10px;||  margin-top: 0.6rem;||}||||\/* Dugmad za Instagram\/Facebook *\/||.btn {||  display: inline-flex;||  align-items: center;||  justify-content: center;||  border-radius: 999px;||  padding: 0.75rem 1.4rem;||  font-weight: 800;||  font-size: 0.95rem;||  text-decoration: none;||  transition: transform 0.15s ease, box-shadow 0.2s ease;||  box-shadow: 0 6px 18px rgba(0, 0, 0, 0.25);||}||.btn:hover {||  transform: translateY(-2px);||}||||\/* Instagram i Facebook imaju svoje boje inline (iz HTML-a) *\/||&#8221; global_colors_info=&#8221;{}&#8221; sticky_enabled=&#8221;0&#8243;]<\/p>\n<aside class=\"card\"><!-- [et_pb_line_break_holder] -->  <span class=\"badge\">Kontakt podaci<\/span><!-- [et_pb_line_break_holder] -->  <\/p>\n<h2 style=\"margin:.4rem 0 1rem; color: #fff\">Tu smo za tebe<\/h2>\n<p><!-- [et_pb_line_break_holder] --><!-- [et_pb_line_break_holder] -->  <\/p>\n<div class=\"blocks\"><!-- [et_pb_line_break_holder] -->    <\/p>\n<div class=\"block\"><!-- [et_pb_line_break_holder] -->      <\/p>\n<h3>\ud83d\udce7 Email<\/h3>\n<p><!-- [et_pb_line_break_holder] -->      <pee><a href=\"mailto:roadrunnersmne@gmail.com\">roadrunnersmne@gmail.com<\/a><\/pee><!-- [et_pb_line_break_holder] -->    <\/div>\n<p><!-- [et_pb_line_break_holder] --><!-- [et_pb_line_break_holder] -->    <\/p>\n<div class=\"block\"><!-- [et_pb_line_break_holder] -->      <\/p>\n<h3>\ud83d\udcf1 Telefon \/ Viber<\/h3>\n<p><!-- [et_pb_line_break_holder] -->      <pee><!-- [et_pb_line_break_holder] -->        <a href=\"tel:+38267464211\">+382 67 464 211<\/a><!\u2013- [et_pb_br_holder] -\u2013><!-- [et_pb_line_break_holder] -->        <a href=\"tel:+38269680405\">+382 69 680 405<\/a><!-- [et_pb_line_break_holder] -->      <\/pee><!-- [et_pb_line_break_holder] -->    <\/div>\n<p><!-- [et_pb_line_break_holder] --><!-- [et_pb_line_break_holder] -->    <\/p>\n<div class=\"block\"><!-- [et_pb_line_break_holder] -->      <\/p>\n<h3>\ud83d\udccd Lokacija<\/h3>\n<p><!-- [et_pb_line_break_holder] -->      <pee>Podgorica<\/pee><!-- [et_pb_line_break_holder] -->    <\/div>\n<p><!-- [et_pb_line_break_holder] --><!-- [et_pb_line_break_holder] -->    <\/p>\n<div class=\"block\"><!-- [et_pb_line_break_holder] -->      <\/p>\n<h3>\ud83d\udd52 Termini<\/h3>\n<p><!-- [et_pb_line_break_holder] -->      <pee><!-- [et_pb_line_break_holder] -->        Utorak &#8211; \u010cetvrtak<!\u2013- [et_pb_br_holder] -\u2013><!-- [et_pb_line_break_holder] -->        Subota \/ Nedjelja<!-- [et_pb_line_break_holder] -->      <\/pee><!-- [et_pb_line_break_holder] -->    <\/div>\n<p><!-- [et_pb_line_break_holder] --><!-- [et_pb_line_break_holder] -->    <\/p>\n<div class=\"block\"><!-- [et_pb_line_break_holder] -->      <\/p>\n<h3>\ud83c\udfe6 Teku\u0107i ra\u010dun kluba<\/h3>\n<p><!-- [et_pb_line_break_holder] -->      <pee>510-219423-13<\/pee><!-- [et_pb_line_break_holder] -->    <\/div>\n<p><!-- [et_pb_line_break_holder] -->  <\/div>\n<p><!-- [et_pb_line_break_holder] --><!-- [et_pb_line_break_holder] -->  <\/p>\n<div style=\"margin-top:14px\"><!-- [et_pb_line_break_holder] -->    <span class=\"badge\" style=\"background:#d6f5ea;color:#0b6a4d\">Dru\u0161tvene mre\u017ee<\/span><!-- [et_pb_line_break_holder] -->    <\/p>\n<div class=\"row\" style=\"margin-top:.6rem\"><!-- [et_pb_line_break_holder] -->      <a class=\"btn\" href=\"https:\/\/www.instagram.com\/roadrunnersmne\/\" target=\"_blank\" rel=\"noopener\" style=\"background:#fff;color:#111\">Instagram<\/a><!-- [et_pb_line_break_holder] -->      <a class=\"btn\" href=\"https:\/\/www.facebook.com\/share\/17QN9LFeZn\/\" target=\"_blank\" rel=\"noopener\" style=\"background:#3b5998;color:#fff\">Facebook<\/a><!-- [et_pb_line_break_holder] -->    <\/div>\n<p><!-- [et_pb_line_break_holder] -->  <\/div>\n<p><!-- [et_pb_line_break_holder] --><\/aside>\n<p><!-- [et_pb_line_break_holder] -->[\/et_pb_code][\/et_pb_column][et_pb_column type=&#8221;1_2&#8243; _builder_version=&#8221;4.27.4&#8243; _module_preset=&#8221;default&#8221; global_colors_info=&#8221;{}&#8221;][et_pb_contact_form captcha=&#8221;off&#8221; title=&#8221;Kontaktiraj nas putem e-po\u0161te!&#8221; success_message=&#8221;Hvala na interesovanju! Uskoro \u0107emo te kontaktirati!&#8221; submit_button_text=&#8221;Po\u0161alji&#8221; _builder_version=&#8221;4.27.4&#8243; _module_preset=&#8221;default&#8221; _unique_id=&#8221;97c4d5bf-321f-493b-9cf2-20061dcb4abd&#8221; custom_css_free_form=&#8221;\/* ===============================||   RRM \u2022 Divi Contact Form styling||   =============================== *\/||||\/* Osnovni container *\/||.et_pb_contact_form_container {||  background: #151515 !important;||  border: 1px solid #2a2a2a !important;||  border-radius: 18px !important;||  box-shadow: 0 8px 30px rgba(0,0,0,.35) !important;||  padding: 32px 26px !important;||}||||\/* Naslov i opis *\/||.et_pb_contact_form_container h1,||.et_pb_contact_form_container h2,||.et_pb_contact_form_container h3 {||  color: #fff !important;||  font-weight: 800 !important;||  margin-bottom: 12px !important;||}||.et_pb_contact_form_container p {||  color: #cfcfcf !important;||  margin-bottom: 18px !important;||}||||\/* Polja *\/||.et_pb_contact_form .et_pb_contact_field {||  margin-bottom: 14px !important;||}||.et_pb_contact_form .et_pb_contact_field input,||.et_pb_contact_form .et_pb_contact_field textarea,||.et_pb_contact_form .et_pb_contact_field select {||  width: 100% !important;||  border-radius: 12px !important;||  background: #121212 !important;||  border: 1px solid #2a2a2a !important;||  padding: 14px 16px !important;||  color: #f3f3f3 !important;||  font-size: 1rem !important;||  transition: border-color .2s ease, box-shadow .2s ease;||}||.et_pb_contact_form .et_pb_contact_field input::placeholder,||.et_pb_contact_form .et_pb_contact_field textarea::placeholder {||  color: #999 !important;||}||||\/* Fokus efekat (neon) *\/||.et_pb_contact_form .et_pb_contact_field input:focus,||.et_pb_contact_form .et_pb_contact_field textarea:focus,||.et_pb_contact_form .et_pb_contact_field select:focus {||  outline: none !important;||  border-color: var(&#8211;neon, #cafc00) !important;||  box-shadow: 0 0 0 3px rgba(202,252,0,.2) !important;||}||||\/* Dugme za slanje *\/||.et_pb_contact_submit,||.et_pb_button.et_pb_contact_submit {||  background: var(&#8211;neon, #cafc00) !important;||  color: #111 !important;||  font-weight: 800 !important;||  border-radius: 999px !important;||  padding: 14px 32px !important;||  border: none !important;||  box-shadow: 0 6px 24px rgba(202,252,0,.3) !important;||  transition: transform .15s ease, box-shadow .2s ease;||}||.et_pb_contact_submit:hover {||  transform: translateY(-2px);||  box-shadow: 0 8px 28px rgba(202,252,0,.4) !important;||}||||\/* Poruke o uspjehu \/ gre\u0161ci *\/||.et-pb-contact-message {||  background: #111 !important;||  border: 1px solid #2a2a2a !important;||  border-radius: 12px !important;||  color: #cfcfcf !important;||  padding: 12px 18px !important;||}||.et-pb-contact-message p { margin: 0 !important; }||||\/* Checkbox (ako ga koristi\u0161) *\/||.et_pb_contact_field_checkbox label {||  color: #cfcfcf !important;||  font-size: .95rem !important;||}||.et_pb_contact_field_checkbox input%91type=%22checkbox%22%93 {||  accent-color: var(&#8211;neon, #cafc00) !important;||  transform: scale(1.2);||  margin-right: 6px;||}||||\/* Mobilno poravnanje *\/||@media (max-width: 768px){||  .et_pb_contact_form_container {||    padding: 24px 18px !important;||  }||}||&#8221; global_colors_info=&#8221;{}&#8221;][et_pb_contact_field field_id=&#8221;Name&#8221; field_title=&#8221;Ime i prezime&#8221; _builder_version=&#8221;4.27.4&#8243; global_colors_info=&#8221;{}&#8221; button_text_size__hover_enabled=&#8221;off&#8221; button_one_text_size__hover_enabled=&#8221;off&#8221; button_two_text_size__hover_enabled=&#8221;off&#8221; button_text_color__hover_enabled=&#8221;off&#8221; button_one_text_color__hover_enabled=&#8221;off&#8221; button_two_text_color__hover_enabled=&#8221;off&#8221; button_border_width__hover_enabled=&#8221;off&#8221; button_one_border_width__hover_enabled=&#8221;off&#8221; button_two_border_width__hover_enabled=&#8221;off&#8221; button_border_color__hover_enabled=&#8221;off&#8221; button_one_border_color__hover_enabled=&#8221;off&#8221; button_two_border_color__hover_enabled=&#8221;off&#8221; button_border_radius__hover_enabled=&#8221;off&#8221; button_one_border_radius__hover_enabled=&#8221;off&#8221; button_two_border_radius__hover_enabled=&#8221;off&#8221; button_letter_spacing__hover_enabled=&#8221;off&#8221; button_one_letter_spacing__hover_enabled=&#8221;off&#8221; button_two_letter_spacing__hover_enabled=&#8221;off&#8221; button_bg_color__hover_enabled=&#8221;off&#8221; button_one_bg_color__hover_enabled=&#8221;off&#8221; button_two_bg_color__hover_enabled=&#8221;off&#8221;][\/et_pb_contact_field][et_pb_contact_field field_id=&#8221;Email&#8221; field_title=&#8221;Email adresa&#8221; field_type=&#8221;email&#8221; _builder_version=&#8221;4.27.4&#8243; global_colors_info=&#8221;{}&#8221; button_text_size__hover_enabled=&#8221;off&#8221; button_one_text_size__hover_enabled=&#8221;off&#8221; button_two_text_size__hover_enabled=&#8221;off&#8221; button_text_color__hover_enabled=&#8221;off&#8221; button_one_text_color__hover_enabled=&#8221;off&#8221; button_two_text_color__hover_enabled=&#8221;off&#8221; button_border_width__hover_enabled=&#8221;off&#8221; button_one_border_width__hover_enabled=&#8221;off&#8221; button_two_border_width__hover_enabled=&#8221;off&#8221; button_border_color__hover_enabled=&#8221;off&#8221; button_one_border_color__hover_enabled=&#8221;off&#8221; button_two_border_color__hover_enabled=&#8221;off&#8221; button_border_radius__hover_enabled=&#8221;off&#8221; button_one_border_radius__hover_enabled=&#8221;off&#8221; button_two_border_radius__hover_enabled=&#8221;off&#8221; button_letter_spacing__hover_enabled=&#8221;off&#8221; button_one_letter_spacing__hover_enabled=&#8221;off&#8221; button_two_letter_spacing__hover_enabled=&#8221;off&#8221; button_bg_color__hover_enabled=&#8221;off&#8221; button_one_bg_color__hover_enabled=&#8221;off&#8221; button_two_bg_color__hover_enabled=&#8221;off&#8221;][\/et_pb_contact_field][et_pb_contact_field field_id=&#8221;Message&#8221; field_title=&#8221;Poruka&#8221; field_type=&#8221;text&#8221; fullwidth_field=&#8221;on&#8221; _builder_version=&#8221;4.27.4&#8243; global_colors_info=&#8221;{}&#8221; button_text_size__hover_enabled=&#8221;off&#8221; button_one_text_size__hover_enabled=&#8221;off&#8221; button_two_text_size__hover_enabled=&#8221;off&#8221; button_text_color__hover_enabled=&#8221;off&#8221; button_one_text_color__hover_enabled=&#8221;off&#8221; button_two_text_color__hover_enabled=&#8221;off&#8221; button_border_width__hover_enabled=&#8221;off&#8221; button_one_border_width__hover_enabled=&#8221;off&#8221; button_two_border_width__hover_enabled=&#8221;off&#8221; button_border_color__hover_enabled=&#8221;off&#8221; button_one_border_color__hover_enabled=&#8221;off&#8221; button_two_border_color__hover_enabled=&#8221;off&#8221; button_border_radius__hover_enabled=&#8221;off&#8221; button_one_border_radius__hover_enabled=&#8221;off&#8221; button_two_border_radius__hover_enabled=&#8221;off&#8221; button_letter_spacing__hover_enabled=&#8221;off&#8221; button_one_letter_spacing__hover_enabled=&#8221;off&#8221; button_two_letter_spacing__hover_enabled=&#8221;off&#8221; button_bg_color__hover_enabled=&#8221;off&#8221; button_one_bg_color__hover_enabled=&#8221;off&#8221; button_two_bg_color__hover_enabled=&#8221;off&#8221;][\/et_pb_contact_field][\/et_pb_contact_form][\/et_pb_column][\/et_pb_row][\/et_pb_section][et_pb_section fb_built=&#8221;1&#8243; fullwidth=&#8221;on&#8221; _builder_version=&#8221;4.27.4&#8243; _module_preset=&#8221;default&#8221; global_colors_info=&#8221;{}&#8221;][et_pb_fullwidth_code _builder_version=&#8221;4.27.4&#8243; _module_preset=&#8221;default&#8221; custom_css_free_form=&#8221;\/* === RRM CTA dugme centrirano === *\/||.rrm-cta,||.cta,||#programs-cta {||  text-align: center !important;||  display: flex !important;||  flex-direction: column !important;||  align-items: center !important;||  justify-content: center !important;||}||||\/* Naslov i tekst *\/||.rrm-cta h2,||.cta h2,||#programs-cta h2 {||  text-align: center !important;||  color: var(&#8211;neon, #cafc00) !important;||  font-weight: 900 !important;||  margin: 0 0 10px !important;||}||.rrm-cta p,||.cta p,||#programs-cta p {||  text-align: center !important;||  color: #cfcfcf !important;||  max-width: 620px !important;||  margin: 0 auto 24px !important;||}||||\/* Cijeli red koji sadr\u017ei dugme *\/||.rrm-cta .et_pb_button_module_wrapper,||.cta .et_pb_button_module_wrapper,||#programs-cta .et_pb_button_module_wrapper {||  display: flex !important;||  justify-content: center !important;||}||||\/* Dugme *\/||.rrm-cta .et_pb_button,||.cta .et_pb_button,||#programs-cta .et_pb_button {||  background: var(&#8211;neon, #cafc00) !important;||  color: #111 !important;||  font-weight: 800 !important;||  border-radius: 999px !important;||  padding: 14px 32px !important;||  box-shadow: 0 6px 24px rgba(202,252,0,.3) !important;||  transition: transform .15s ease, box-shadow .2s ease !important;||  margin: 0 auto !important;||}||.rrm-cta .et_pb_button:hover,||.cta .et_pb_button:hover,||#programs-cta .et_pb_button:hover {||  transform: translateY(-2px);||  box-shadow: 0 8px 28px rgba(202,252,0,.4) !important;||}||&#8221; global_colors_info=&#8221;{}&#8221; raw_content__hover_enabled=&#8221;off|desktop&#8221;]<!-- CTA Bottom --><!-- [et_pb_line_break_holder] --><\/p>\n<section class=\"cta\"><!-- [et_pb_line_break_holder] -->  <\/p>\n<div class=\"container\"><!-- [et_pb_line_break_holder] -->    <\/p>\n<h2>\u017deli\u0161 odmah da krene\u0161?<\/h2>\n<p><!-- [et_pb_line_break_holder] -->    <pee>Prijavi se za <strong>besplatni probni trening<\/strong> \u2013 upoznaj trenerski tim i ekipu.<\/pee><!-- [et_pb_line_break_holder] -->    <a class=\"btn\" href=\"https:\/\/docs.google.com\/forms\/d\/e\/1FAIpQLSdJyttkr4RdJcHFjQZrfPbtnT09JLo0EJ5sMkPkn3e2CRWw9g\/viewform\" target=\"_blank\" rel=\"noopener\">Prijava<\/a><!-- [et_pb_line_break_holder] -->  <\/div>\n<p><!-- [et_pb_line_break_holder] --><\/section>\n<p>[\/et_pb_fullwidth_code][\/et_pb_section]<\/p>\n","protected":false},"excerpt":{"rendered":"","protected":false},"author":1,"featured_media":0,"parent":0,"menu_order":0,"comment_status":"closed","ping_status":"closed","template":"","meta":{"_et_pb_use_builder":"on","_et_pb_old_content":"","_et_gb_content_width":"","footnotes":""},"class_list":["post-58","page","type-page","status-publish","hentry"],"_links":{"self":[{"href":"https:\/\/roadrunners.me\/index.php?rest_route=\/wp\/v2\/pages\/58","targetHints":{"allow":["GET"]}}],"collection":[{"href":"https:\/\/roadrunners.me\/index.php?rest_route=\/wp\/v2\/pages"}],"about":[{"href":"https:\/\/roadrunners.me\/index.php?rest_route=\/wp\/v2\/types\/page"}],"author":[{"embeddable":true,"href":"https:\/\/roadrunners.me\/index.php?rest_route=\/wp\/v2\/users\/1"}],"replies":[{"embeddable":true,"href":"https:\/\/roadrunners.me\/index.php?rest_route=%2Fwp%2Fv2%2Fcomments&post=58"}],"version-history":[{"count":18,"href":"https:\/\/roadrunners.me\/index.php?rest_route=\/wp\/v2\/pages\/58\/revisions"}],"predecessor-version":[{"id":254,"href":"https:\/\/roadrunners.me\/index.php?rest_route=\/wp\/v2\/pages\/58\/revisions\/254"}],"wp:attachment":[{"href":"https:\/\/roadrunners.me\/index.php?rest_route=%2Fwp%2Fv2%2Fmedia&parent=58"}],"curies":[{"name":"wp","href":"https:\/\/api.w.org\/{rel}","templated":true}]}}